{"id":97,"date":"2021-12-30T22:13:17","date_gmt":"2021-12-30T22:13:17","guid":{"rendered":"https:\/\/studiointegrato.eu\/?page_id=97"},"modified":"2024-12-03T14:17:52","modified_gmt":"2024-12-03T14:17:52","slug":"cosa-facciamo","status":"publish","type":"page","link":"https:\/\/studiointegrato.eu\/?page_id=97","title":{"rendered":"Cosa facciamo"},"content":{"rendered":"<\/p>\n\n<!-- wp:themify-builder\/canvas \/-->\n\n\n<p><\/p>\n<!--themify_builder_static--><h3>Cosa facciamo<\/h3>\n<em style=\"background-color: #002e48;color: #ffffff\"><svg aria-hidden=\"true\"><use href=\"#tf-fas-check\"><\/use><\/svg><\/em> Icon label\n<h3><b>Consulenza strategica e controllo di gestione<\/b><\/h3> <p>In un mondo globalizzato che muta rapidamente anche le piccole aziende non possono rimanere inerti: ora pi\u00f9 che mai devono conoscere i propri punti di forza e debolezza e avere idee chiare sulla direzione da prendere, per non perdere valore.<\/p> <p>Il team dello Studio, a tal fine, affianca l\u2019Imprenditore e gli Amministratori nella predisposizione di piani di sviluppo, budget annuali e nella verifica delle performance aziendali. Aiuta inoltre ad individuare le pi\u00f9 opportune forme di finanziamento dei nuovi progetti e i migliori assetti societari e organizzativi.<\/p> <p>Assiste start-up innovative e aziende avviate, nella predisposizione di piani d\u2019impresa e business plan finalizzati alla\u00a0 partecipazione a bandi di finanziamento.<\/p>\n<em style=\"background-color: #002e48;color: #ffffff\"><svg aria-hidden=\"true\"><use href=\"#tf-fas-balance-scale-left\"><\/use><\/svg><\/em> Icon label\n<h3><b>Collegi Sindacali e Revisione legale dei conti<\/b><\/h3> <p>Norme di legge di recente emanazione hanno esteso l\u2019obbligo della revisione legale alle aziende di piccole e medie dimensioni, che deve essere espletata da professionisti indipendenti ed altamente specializzati.<\/p> <p>La Revisione Legale non \u00e8\u00a0solo un obbligo di legge: la certificazione del bilancio, come le certificazioni di qualit\u00e0, rappresenta un importante biglietto da visita della Societ\u00e0 nei confronti dei terzi, attesta l\u2019affidabilit\u00e0 dei conti societari dando credibilit\u00e0 all\u2019azienda nei confronti del sistema creditizio e dei terzi; pu\u00f2 essere colta come un\u2019importante occasione per la verifica e l&#8217;eventuale adeguamento delle procedure aziendali.<\/p> <p>In tale ambito i professionisti dello Studio, a fronte di consolidata e pluriennale esperienza, attualmente ricoprono incarichi di Revisione Legale per la certificazione del bilancio di esercizio e per procedure di audit.<\/p>\n<em style=\"background-color: #002e48;color: #ffffff\"><svg aria-hidden=\"true\"><use href=\"#tf-fas-people-carry\"><\/use><\/svg><\/em> Icon label\n<h3><b>Consulenza del lavoro e Amministrazione del personale<\/b><\/h3> <p>Affianchiamo il datore di lavoro nella gestione dei rapporti di lavoro e dei relativi adempimenti nel rispetto della normativa vigente.<\/p> <p>In particolare ci occupiamo di: elaborazione dei cedolini paga, dichiarazioni periodiche contributive, denunce Inail, conguagli fiscali e scadenze periodiche riguardanti i rapporti di lavoro subordinato e non solo.<\/p> <p>Particolare attenzione viene dedicata alla gestione dei rapporti tra le parti sociali in cui il consulente del lavoro funge da intermediario nella gestione dei conflitti.<\/p>\n<em style=\"background-color: #002e48;color: #ffffff\"><svg aria-hidden=\"true\"><use href=\"#tf-fas-people-arrows\"><\/use><\/svg><\/em> Icon label\n<h3><b>Passaggio generazionale<\/b><\/h3> <p>In oltre 30 anni di attivit\u00e0 abbiamo visto le aziende clienti crescere e trasformarsi. Ora, per molte di esse, \u00e8 tempo di pianificare il futuro, per conservarne il valore e garantirne la continuit\u00e0 nel tempo.<\/p> <p>Ogni impresa \u00e8 unica e irripetibile e richiede soluzioni personalizzate.\u00a0<\/p> <p>Lo Studio \u00e8 in grado di accompagnare la propriet\u00e0 in questo delicato momento, affiancando le giovani generazioni e\/o ricercando nuovi soci, individuando, ove necessario, le pi\u00f9 opportune forme di salvaguardia del patrimonio familiare.<\/p>\n<em style=\"background-color: #002e48;color: #ffffff\"><svg aria-hidden=\"true\"><use href=\"#tf-fas-calculator\"><\/use><\/svg><\/em> Icon label\n<h3><b>Servizi contabili, fiscali e servizi IT<\/b><\/h3> <p>Lo Studio integra i tradizionali servizi di redazione e gestione della contabilit\u00e0, predisposizione delle dichiarazioni dei redditi e dei bilanci, con competenze digitali adeguate al contesto aziendale o professionale del Cliente.<\/p> <p>Tramite il partner SISTEMI S.p.A. lo Studio ha adottato e implementato una piattaforma informatica <i>in<\/i> <i>cloud\u00a0 <\/i>che consente di operare in rete ed in tempo reale con la clientela.<br>Si occupa inoltre di tutti gli aspetti relativi alle pratiche ed alle comunicazioni da effettuare agli Enti Istituzionali.<\/p> <p>Particolare attenzione viene dedicata alla gestione dei rapporti tra le parti sociali in cui il consulente del lavoro funge da intermediario nella gestione dei conflitti.<\/p>\n<em style=\"background-color: #002e48;color: #ffffff\"><svg aria-hidden=\"true\"><use href=\"#tf-fas-hands-helping\"><\/use><\/svg><\/em> Icon label\n<h3><b>Terzo settore<\/b><\/h3> <p>Il welfare italiano, a seguito di una profonda evoluzione storica, necessita oggi del consolidamento delle fondamentali funzioni svolte dalla moltitudine di enti non profit che operano nel nostro Paese.<\/p> <p>Le riforma introdotta nel 2017 con il Codice del Terzo Settore rappresenta un\u2019opportunit\u00e0 di cambiamento, ma impone obblighi di trasparenza gestionale ed amministrativa offrendo in cambio maggiore flessibilit\u00e0 operativa.<\/p> <p>Lo Studio, in ragione di una consolidata esperienza nella consulenza organizzativa ed amministrativa, \u00e8 in grado di affiancare gli addetti amministrativi nell\u2019affrontare le novit\u00e0 della riforma, in particolare nell\u2019implementazione di impianti contabili che consentano una puntuale ed efficace rendicontazione dei progetti, nell\u2019adeguamento degli statuti alle nuove norme e nelle valutazioni circa l\u2019opportunit\u00e0 di iscrizione nel nuovo Elenco degli Enti del Terzo Settore.<\/p>\n<em style=\"background-color: #002e48;color: #ffffff\"><svg aria-hidden=\"true\"><use href=\"#tf-fas-gem\"><\/use><\/svg><\/em> Icon label\n<h3><b>Successioni ereditarie<\/b><\/h3> <p>La successione ereditaria consiste nel passaggio del patrimonio di un soggetto \u201cde cuius\u201d agli eredi. Lo studio presta servizi di consulenza specifica in tema di successioni e diritti ereditari occupandosi anche della stesura e presentazione telematica della dichiarazione di successione.<\/p>\n<em style=\"background-color: #002e48;color: #ffffff\"><svg aria-hidden=\"true\"><use href=\"#tf-fas-money-bill-wave\"><\/use><\/svg><\/em> Icon label\n<h3><b>Consulenza finanziaria<\/b><\/h3> <p>Lo studio, avvalendosi delle prestazioni di professionisti collegati in rete, \u00e8 in grado di assistere la clientela nelle problematiche di natura finanziaria con particolare riguardo ai rapporti contrattuali con gli Istituti di credito (finanziamenti, leasing, operazioni di finanza derivata, etc.).<\/p>\n<em style=\"background-color: #002e48;color: #ffffff\"><svg aria-hidden=\"true\"><use href=\"#tf-fas-fingerprint\"><\/use><\/svg><\/em> Icon label\n<h3><b>Privacy, Sicurezza sul lavoro , Certificazioni ISO e Formazione finanziata<\/b><\/h3> <p>La nostra organizzazione, avvalendosi delle diverse professionalit\u00e0 collegate in rete, fornisce consulenza aziendale e formazione attraverso la definizione di percorsi di crescita e innovazione in ambito Food, Sicurezza sul Lavoro, Risorse Umane, Analisi di Processo e Direzionale, Certificazioni Qualit\u00e0 e Ambiente.<\/p>\nIcon label\n<!--\/themify_builder_static-->","protected":false},"excerpt":{"rendered":"<p>Cosa facciamo Icon label Consulenza strategica e controllo di gestione In un mondo globalizzato che muta rapidamente anche le piccole aziende non possono rimanere inerti: ora pi\u00f9 che mai devono conoscere i propri punti di forza e debolezza e avere idee chiare sulla direzione da prendere, per non perdere valore. Il team dello Studio, a [&hellip;]<\/p>\n","protected":false},"author":4,"featured_media":0,"parent":0,"menu_order":0,"comment_status":"closed","ping_status":"closed","template":"","meta":{"inline_featured_image":false,"footnotes":""},"class_list":["post-97","page","type-page","status-publish","hentry","has-post-title","has-post-date","has-post-category","has-post-tag","has-post-comment","has-post-author",""],"builder_content":"<h3>Cosa facciamo<\/h3>\n<em style=\"background-color: #002e48;color: #ffffff\"><svg aria-hidden=\"true\"><use href=\"#tf-fas-check\"><\/use><\/svg><\/em> Icon label\n<h3><b>Consulenza strategica e controllo di gestione<\/b><\/h3> <p>In un mondo globalizzato che muta rapidamente anche le piccole aziende non possono rimanere inerti: ora pi\u00f9 che mai devono conoscere i propri punti di forza e debolezza e avere idee chiare sulla direzione da prendere, per non perdere valore.<\/p> <p>Il team dello Studio, a tal fine, affianca l\u2019Imprenditore e gli Amministratori nella predisposizione di piani di sviluppo, budget annuali e nella verifica delle performance aziendali. Aiuta inoltre ad individuare le pi\u00f9 opportune forme di finanziamento dei nuovi progetti e i migliori assetti societari e organizzativi.<\/p> <p>Assiste start-up innovative e aziende avviate, nella predisposizione di piani d\u2019impresa e business plan finalizzati alla\u00a0 partecipazione a bandi di finanziamento.<\/p>\n<em style=\"background-color: #002e48;color: #ffffff\"><svg aria-hidden=\"true\"><use href=\"#tf-fas-balance-scale-left\"><\/use><\/svg><\/em> Icon label\n<h3><b>Collegi Sindacali e Revisione legale dei conti<\/b><\/h3> <p>Norme di legge di recente emanazione hanno esteso l\u2019obbligo della revisione legale alle aziende di piccole e medie dimensioni, che deve essere espletata da professionisti indipendenti ed altamente specializzati.<\/p> <p>La Revisione Legale non \u00e8\u00a0solo un obbligo di legge: la certificazione del bilancio, come le certificazioni di qualit\u00e0, rappresenta un importante biglietto da visita della Societ\u00e0 nei confronti dei terzi, attesta l\u2019affidabilit\u00e0 dei conti societari dando credibilit\u00e0 all\u2019azienda nei confronti del sistema creditizio e dei terzi; pu\u00f2 essere colta come un\u2019importante occasione per la verifica e l'eventuale adeguamento delle procedure aziendali.<\/p> <p>In tale ambito i professionisti dello Studio, a fronte di consolidata e pluriennale esperienza, attualmente ricoprono incarichi di Revisione Legale per la certificazione del bilancio di esercizio e per procedure di audit.<\/p>\n<em style=\"background-color: #002e48;color: #ffffff\"><svg aria-hidden=\"true\"><use href=\"#tf-fas-people-carry\"><\/use><\/svg><\/em> Icon label\n<h3><b>Consulenza del lavoro e Amministrazione del personale<\/b><\/h3> <p>Affianchiamo il datore di lavoro nella gestione dei rapporti di lavoro e dei relativi adempimenti nel rispetto della normativa vigente.<\/p> <p>In particolare ci occupiamo di: elaborazione dei cedolini paga, dichiarazioni periodiche contributive, denunce Inail, conguagli fiscali e scadenze periodiche riguardanti i rapporti di lavoro subordinato e non solo.<\/p> <p>Particolare attenzione viene dedicata alla gestione dei rapporti tra le parti sociali in cui il consulente del lavoro funge da intermediario nella gestione dei conflitti.<\/p>\n<em style=\"background-color: #002e48;color: #ffffff\"><svg aria-hidden=\"true\"><use href=\"#tf-fas-people-arrows\"><\/use><\/svg><\/em> Icon label\n<h3><b>Passaggio generazionale<\/b><\/h3> <p>In oltre 30 anni di attivit\u00e0 abbiamo visto le aziende clienti crescere e trasformarsi. Ora, per molte di esse, \u00e8 tempo di pianificare il futuro, per conservarne il valore e garantirne la continuit\u00e0 nel tempo.<\/p> <p>Ogni impresa \u00e8 unica e irripetibile e richiede soluzioni personalizzate.\u00a0<\/p> <p>Lo Studio \u00e8 in grado di accompagnare la propriet\u00e0 in questo delicato momento, affiancando le giovani generazioni e\/o ricercando nuovi soci, individuando, ove necessario, le pi\u00f9 opportune forme di salvaguardia del patrimonio familiare.<\/p>\n<em style=\"background-color: #002e48;color: #ffffff\"><svg aria-hidden=\"true\"><use href=\"#tf-fas-calculator\"><\/use><\/svg><\/em> Icon label\n<h3><b>Servizi contabili, fiscali e servizi IT<\/b><\/h3> <p>Lo Studio integra i tradizionali servizi di redazione e gestione della contabilit\u00e0, predisposizione delle dichiarazioni dei redditi e dei bilanci, con competenze digitali adeguate al contesto aziendale o professionale del Cliente.<\/p> <p>Tramite il partner SISTEMI S.p.A. lo Studio ha adottato e implementato una piattaforma informatica <i>in<\/i> <i>cloud\u00a0 <\/i>che consente di operare in rete ed in tempo reale con la clientela.<br>Si occupa inoltre di tutti gli aspetti relativi alle pratiche ed alle comunicazioni da effettuare agli Enti Istituzionali.<\/p> <p>Particolare attenzione viene dedicata alla gestione dei rapporti tra le parti sociali in cui il consulente del lavoro funge da intermediario nella gestione dei conflitti.<\/p>\n<em style=\"background-color: #002e48;color: #ffffff\"><svg aria-hidden=\"true\"><use href=\"#tf-fas-hands-helping\"><\/use><\/svg><\/em> Icon label\n<h3><b>Terzo settore<\/b><\/h3> <p>Il welfare italiano, a seguito di una profonda evoluzione storica, necessita oggi del consolidamento delle fondamentali funzioni svolte dalla moltitudine di enti non profit che operano nel nostro Paese.<\/p> <p>Le riforma introdotta nel 2017 con il Codice del Terzo Settore rappresenta un\u2019opportunit\u00e0 di cambiamento, ma impone obblighi di trasparenza gestionale ed amministrativa offrendo in cambio maggiore flessibilit\u00e0 operativa.<\/p> <p>Lo Studio, in ragione di una consolidata esperienza nella consulenza organizzativa ed amministrativa, \u00e8 in grado di affiancare gli addetti amministrativi nell\u2019affrontare le novit\u00e0 della riforma, in particolare nell\u2019implementazione di impianti contabili che consentano una puntuale ed efficace rendicontazione dei progetti, nell\u2019adeguamento degli statuti alle nuove norme e nelle valutazioni circa l\u2019opportunit\u00e0 di iscrizione nel nuovo Elenco degli Enti del Terzo Settore.<\/p>\n<em style=\"background-color: #002e48;color: #ffffff\"><svg aria-hidden=\"true\"><use href=\"#tf-fas-gem\"><\/use><\/svg><\/em> Icon label\n<h3><b>Successioni ereditarie<\/b><\/h3> <p>La successione ereditaria consiste nel passaggio del patrimonio di un soggetto \u201cde cuius\u201d agli eredi. Lo studio presta servizi di consulenza specifica in tema di successioni e diritti ereditari occupandosi anche della stesura e presentazione telematica della dichiarazione di successione.<\/p>\n<em style=\"background-color: #002e48;color: #ffffff\"><svg aria-hidden=\"true\"><use href=\"#tf-fas-money-bill-wave\"><\/use><\/svg><\/em> Icon label\n<h3><b>Consulenza finanziaria<\/b><\/h3> <p>Lo studio, avvalendosi delle prestazioni di professionisti collegati in rete, \u00e8 in grado di assistere la clientela nelle problematiche di natura finanziaria con particolare riguardo ai rapporti contrattuali con gli Istituti di credito (finanziamenti, leasing, operazioni di finanza derivata, etc.).<\/p>\n<em style=\"background-color: #002e48;color: #ffffff\"><svg aria-hidden=\"true\"><use href=\"#tf-fas-fingerprint\"><\/use><\/svg><\/em> Icon label\n<h3><b>Privacy, Sicurezza sul lavoro , Certificazioni ISO e Formazione finanziata<\/b><\/h3> <p>La nostra organizzazione, avvalendosi delle diverse professionalit\u00e0 collegate in rete, fornisce consulenza aziendale e formazione attraverso la definizione di percorsi di crescita e innovazione in ambito Food, Sicurezza sul Lavoro, Risorse Umane, Analisi di Processo e Direzionale, Certificazioni Qualit\u00e0 e Ambiente.<\/p>\nIcon label\n","_links":{"self":[{"href":"https:\/\/studiointegrato.eu\/index.php?rest_route=\/wp\/v2\/pages\/97","targetHints":{"allow":["GET"]}}],"collection":[{"href":"https:\/\/studiointegrato.eu\/index.php?rest_route=\/wp\/v2\/pages"}],"about":[{"href":"https:\/\/studiointegrato.eu\/index.php?rest_route=\/wp\/v2\/types\/page"}],"author":[{"embeddable":true,"href":"https:\/\/studiointegrato.eu\/index.php?rest_route=\/wp\/v2\/users\/4"}],"replies":[{"embeddable":true,"href":"https:\/\/studiointegrato.eu\/index.php?rest_route=%2Fwp%2Fv2%2Fcomments&post=97"}],"version-history":[{"count":23,"href":"https:\/\/studiointegrato.eu\/index.php?rest_route=\/wp\/v2\/pages\/97\/revisions"}],"predecessor-version":[{"id":831,"href":"https:\/\/studiointegrato.eu\/index.php?rest_route=\/wp\/v2\/pages\/97\/revisions\/831"}],"wp:attachment":[{"href":"https:\/\/studiointegrato.eu\/index.php?rest_route=%2Fwp%2Fv2%2Fmedia&parent=97"}],"curies":[{"name":"wp","href":"https:\/\/api.w.org\/{rel}","templated":true}]}}