{"id":71,"date":"2021-12-30T21:20:58","date_gmt":"2021-12-30T21:20:58","guid":{"rendered":"https:\/\/studiointegrato.eu\/?page_id=71"},"modified":"2024-11-14T17:13:04","modified_gmt":"2024-11-14T17:13:04","slug":"lo-studio","status":"publish","type":"page","link":"https:\/\/studiointegrato.eu\/?page_id=71","title":{"rendered":"Lo studio"},"content":{"rendered":"<p><\/p>\n\n<!-- wp:themify-builder\/canvas \/--><!--themify_builder_static--><h3>Lo studio<\/h3>\n<h4 style=\"text-align: justify;\">Lo Studio, insieme al proprio team e alla rete di professionisti, propone soluzioni integrate in ambito fiscale, amministrativo, societario, legale, finanziario e del lavoro proponendosi come partner in grado di dare risposte alle specifiche necessit\u00e0 del cliente, affiancando alle attivit\u00e0 tipiche della professione anche servizi di consulenza nelle aree strategiche<\/h4>\n<h3>I valori<\/h3>\n<h3>Accoglienza<\/h3>\n<p>L\u2019empatia, l\u2019attitudine all\u2019ascolto e l\u2019attenzione alle esigenze del Cliente costituiscono\u00a0gli elementi che caratterizzano le relazioni interne ed esterne allo Studio.<\/p>\n<h3>Trasparenza<\/h3>\n<p>Reciproca fiducia e lealt\u00e0 garantiscono la necessaria trasparenza richiesta dagli ambiti nei quali lo Studio opera.<\/p>\n<h3>Responsabilit\u00e0<\/h3>\n<p>L\u2019attenzione e la cura con cui lo Studio risponde degli impegni assunti accresce la qualit\u00e0 del servizio offerto.<\/p>\n<h3>Deontologia professionale<\/h3>\n<p>I principi etici dei regolamenti ordinistici ispirano le relazioni e i rapporti nel Team, con i Clienti e con i Partner, nel rispetto dell\u2019integrit\u00e0 professionale, delle persone e delle norme.<\/p>\n<h3>Contatti<\/h3>\n<h3>Per metterti in contatto con noi<\/h3>\n<div class=\"wpforms-container wpforms-container-full\" id=\"wpforms-115\"><form id=\"wpforms-form-115\" class=\"wpforms-validate wpforms-form wpforms-ajax-form\" data-formid=\"115\" method=\"post\" enctype=\"multipart\/form-data\" action=\"\/index.php?rest_route=%2Fwp%2Fv2%2Fpages%2F71\" data-token=\"42cfcecb26eb62905b593087882c6df0\"><noscript class=\"wpforms-error-noscript\">Abilita JavaScript nel browser per completare questo modulo.<\/noscript><div class=\"wpforms-field-container\"><div id=\"wpforms-115-field_0-container\" class=\"wpforms-field wpforms-field-name\" data-field-id=\"0\"><label class=\"wpforms-field-label wpforms-label-hide\" for=\"wpforms-115-field_0\">Name <span class=\"wpforms-required-label\">*<\/span><\/label><div class=\"wpforms-field-row wpforms-field-large\"><div class=\"wpforms-field-row-block wpforms-first wpforms-one-half\"><input type=\"text\" id=\"wpforms-115-field_0\" class=\"wpforms-field-name-first wpforms-field-required\" name=\"wpforms[fields][0][first]\" placeholder=\"Nome\" required><label for=\"wpforms-115-field_0\" class=\"wpforms-field-sublabel after wpforms-sublabel-hide\">Nome<\/label><\/div><div class=\"wpforms-field-row-block wpforms-one-half\"><input type=\"text\" id=\"wpforms-115-field_0-last\" class=\"wpforms-field-name-last wpforms-field-required\" name=\"wpforms[fields][0][last]\" placeholder=\"Cognome\" required><label for=\"wpforms-115-field_0-last\" class=\"wpforms-field-sublabel after wpforms-sublabel-hide\">Cognome<\/label><\/div><\/div><\/div><div id=\"wpforms-115-field_1-container\" class=\"wpforms-field wpforms-field-email\" data-field-id=\"1\"><label class=\"wpforms-field-label wpforms-label-hide\" for=\"wpforms-115-field_1\">Email <span class=\"wpforms-required-label\">*<\/span><\/label><input type=\"email\" id=\"wpforms-115-field_1\" class=\"wpforms-field-large wpforms-field-required\" name=\"wpforms[fields][1]\" placeholder=\"Email\" required><\/div><div id=\"wpforms-115-field_2-container\" class=\"wpforms-field wpforms-field-textarea\" data-field-id=\"2\"><label class=\"wpforms-field-label wpforms-label-hide\" for=\"wpforms-115-field_2\">Comment or Message <span class=\"wpforms-required-label\">*<\/span><\/label><textarea id=\"wpforms-115-field_2\" class=\"wpforms-field-large wpforms-field-required\" name=\"wpforms[fields][2]\" placeholder=\"Messaggio\" required><\/textarea><\/div><div id=\"wpforms-115-field_3-container\" class=\"wpforms-field wpforms-field-checkbox\" data-field-id=\"3\"><label class=\"wpforms-field-label\" for=\"wpforms-115-field_3\">Privacy Policy <span class=\"wpforms-required-label\">*<\/span><\/label><ul id=\"wpforms-115-field_3\" class=\"wpforms-field-required\"><li class=\"choice-1 depth-1\"><input type=\"checkbox\" id=\"wpforms-115-field_3_1\" name=\"wpforms[fields][3][]\" value=\"Accetto\" required ><label class=\"wpforms-field-label-inline\" for=\"wpforms-115-field_3_1\">Accetto<\/label><\/li><\/ul><div class=\"wpforms-field-description\">Il trattamento dei miei dati come da <a href=\"https:\/\/studiointegrato.eu\/?page_id=222\" target=\"_blank\">privacy policy<\/a><\/div><\/div><\/div><div class=\"wpforms-submit-container\"><input type=\"hidden\" name=\"wpforms[id]\" value=\"115\"><input type=\"hidden\" name=\"wpforms[author]\" value=\"4\"><button type=\"submit\" name=\"wpforms[submit]\" id=\"wpforms-submit-115\" class=\"wpforms-submit\" data-alt-text=\"Invio...\" data-submit-text=\"Invia\" aria-live=\"assertive\" value=\"wpforms-submit\">Invia<\/button><img loading=\"lazy\" decoding=\"async\" src=\"https:\/\/studiointegrato.eu\/wp-content\/plugins\/wpforms-lite\/assets\/images\/submit-spin.svg\" class=\"wpforms-submit-spinner\" style=\"display: none;\" width=\"26\" height=\"26\" alt=\"\"><\/div><\/form><\/div>  <!-- .wpforms-container -->\n<p><strong>Studio Professionale Integrato Srl-STP<\/strong><br>Via Giovanni Bagaini, 9 \u2022 21100 Varese<br>Tel. 0332\/802911<br>Mail. <a href=\"mailto:info@studiointegrato.eu\">info@studiointegrato.eu<\/a><br>Pec. <a href=\"mailto:studiointegrato@legalmail.it\">studiointegrato@legalmail.it<\/a><\/p> <p>P.IVA e CF 03371690128 &#8211; REA VA 345958<br>Cap.Soc. 10.000 \u20ac i.v.<br>ISCRIZIONE ODCEC VA N\u00b012 &#8211; OCDL VA N\u00b016<br>Codice univoco USAL8PV<\/p> <p>ORARIO DI APERTURA<br>Da luned\u00ec a gioved\u00ec dalle 9 alle 17:30<br>venerd\u00ec dalle 9 alle 13<\/p>\n<a href=\"https:\/\/maps.app.goo.gl\/LvVG2VXdzUphvtfe6\" target=\"_blank\" rel=\"noopener\"> <img loading=\"lazy\" decoding=\"async\" width=\"909\" height=\"475\" src=\"https:\/\/studiointegrato.eu\/wp-content\/uploads\/2024\/10\/Dove-Siamo.jpg\" title=\"Dove Siamo\" alt=\"Dove Siamo\" srcset=\"https:\/\/studiointegrato.eu\/wp-content\/uploads\/2024\/10\/Dove-Siamo.jpg 909w, https:\/\/studiointegrato.eu\/wp-content\/uploads\/2024\/10\/Dove-Siamo-300x157.jpg 300w, https:\/\/studiointegrato.eu\/wp-content\/uploads\/2024\/10\/Dove-Siamo-768x401.jpg 768w\" sizes=\"auto, (max-width: 909px) 100vw, 909px\" \/> <\/a><!--\/themify_builder_static-->","protected":false},"excerpt":{"rendered":"<p>Lo studio Lo Studio, insieme al proprio team e alla rete di professionisti, propone soluzioni integrate in ambito fiscale, amministrativo, societario, legale, finanziario e del lavoro proponendosi come partner in grado di dare risposte alle specifiche necessit\u00e0 del cliente, affiancando alle attivit\u00e0 tipiche della professione anche servizi di consulenza nelle aree strategiche I valori Accoglienza [&hellip;]<\/p>\n","protected":false},"author":4,"featured_media":0,"parent":0,"menu_order":0,"comment_status":"closed","ping_status":"closed","template":"","meta":{"inline_featured_image":false,"footnotes":""},"class_list":["post-71","page","type-page","status-publish","hentry","has-post-title","has-post-date","has-post-category","has-post-tag","has-post-comment","has-post-author",""],"builder_content":"<h3>Lo studio<\/h3>\n<h4 style=\"text-align: justify;\">Lo Studio, insieme al proprio team e alla rete di professionisti, propone soluzioni integrate in ambito fiscale, amministrativo, societario, legale, finanziario e del lavoro proponendosi come partner in grado di dare risposte alle specifiche necessit\u00e0 del cliente, affiancando alle attivit\u00e0 tipiche della professione anche servizi di consulenza nelle aree strategiche<\/h4>\n<h3>I valori<\/h3>\n<h3>Accoglienza<\/h3>\n<p>L\u2019empatia, l\u2019attitudine all\u2019ascolto e l\u2019attenzione alle esigenze del Cliente costituiscono\u00a0gli elementi che caratterizzano le relazioni interne ed esterne allo Studio.<\/p>\n<h3>Trasparenza<\/h3>\n<p>Reciproca fiducia e lealt\u00e0 garantiscono la necessaria trasparenza richiesta dagli ambiti nei quali lo Studio opera.<\/p>\n<h3>Responsabilit\u00e0<\/h3>\n<p>L\u2019attenzione e la cura con cui lo Studio risponde degli impegni assunti accresce la qualit\u00e0 del servizio offerto.<\/p>\n<h3>Deontologia professionale<\/h3>\n<p>I principi etici dei regolamenti ordinistici ispirano le relazioni e i rapporti nel Team, con i Clienti e con i Partner, nel rispetto dell\u2019integrit\u00e0 professionale, delle persone e delle norme.<\/p>\n<h3>Contatti<\/h3>\n<h3>Per metterti in contatto con noi<\/h3>\n<p>[wpforms id=\"115\"]<\/p>\n<p><strong>Studio Professionale Integrato Srl-STP<\/strong><br>Via Giovanni Bagaini, 9 \u2022 21100 Varese<br>Tel. 0332\/802911<br>Mail. <a href=\"mailto:info@studiointegrato.eu\">info@studiointegrato.eu<\/a><br>Pec. <a href=\"mailto:studiointegrato@legalmail.it\">studiointegrato@legalmail.it<\/a><\/p> <p>P.IVA e CF 03371690128 - REA VA 345958<br>Cap.Soc. 10.000 \u20ac i.v.<br>ISCRIZIONE ODCEC VA N\u00b012 - OCDL VA N\u00b016<br>Codice univoco USAL8PV<\/p> <p>ORARIO DI APERTURA<br>Da luned\u00ec a gioved\u00ec dalle 9 alle 17:30<br>venerd\u00ec dalle 9 alle 13<\/p>\n<a href=\"https:\/\/maps.app.goo.gl\/LvVG2VXdzUphvtfe6\" > <img loading=\"lazy\" decoding=\"async\" width=\"909\" height=\"475\" src=\"https:\/\/studiointegrato.eu\/wp-content\/uploads\/2024\/10\/Dove-Siamo.jpg\" title=\"Dove Siamo\" alt=\"Dove Siamo\" srcset=\"https:\/\/studiointegrato.eu\/wp-content\/uploads\/2024\/10\/Dove-Siamo.jpg 909w, https:\/\/studiointegrato.eu\/wp-content\/uploads\/2024\/10\/Dove-Siamo-300x157.jpg 300w, https:\/\/studiointegrato.eu\/wp-content\/uploads\/2024\/10\/Dove-Siamo-768x401.jpg 768w\" sizes=\"auto, (max-width: 909px) 100vw, 909px\" \/> <\/a>","_links":{"self":[{"href":"https:\/\/studiointegrato.eu\/index.php?rest_route=\/wp\/v2\/pages\/71","targetHints":{"allow":["GET"]}}],"collection":[{"href":"https:\/\/studiointegrato.eu\/index.php?rest_route=\/wp\/v2\/pages"}],"about":[{"href":"https:\/\/studiointegrato.eu\/index.php?rest_route=\/wp\/v2\/types\/page"}],"author":[{"embeddable":true,"href":"https:\/\/studiointegrato.eu\/index.php?rest_route=\/wp\/v2\/users\/4"}],"replies":[{"embeddable":true,"href":"https:\/\/studiointegrato.eu\/index.php?rest_route=%2Fwp%2Fv2%2Fcomments&post=71"}],"version-history":[{"count":34,"href":"https:\/\/studiointegrato.eu\/index.php?rest_route=\/wp\/v2\/pages\/71\/revisions"}],"predecessor-version":[{"id":856,"href":"https:\/\/studiointegrato.eu\/index.php?rest_route=\/wp\/v2\/pages\/71\/revisions\/856"}],"wp:attachment":[{"href":"https:\/\/studiointegrato.eu\/index.php?rest_route=%2Fwp%2Fv2%2Fmedia&parent=71"}],"curies":[{"name":"wp","href":"https:\/\/api.w.org\/{rel}","templated":true}]}}