{"id":222,"date":"2022-02-09T10:31:33","date_gmt":"2022-02-09T10:31:33","guid":{"rendered":"https:\/\/studiointegrato.eu\/?page_id=222"},"modified":"2024-10-23T07:40:57","modified_gmt":"2024-10-23T07:40:57","slug":"privacy-policy","status":"publish","type":"page","link":"https:\/\/studiointegrato.eu\/?page_id=222","title":{"rendered":"Privacy Policy"},"content":{"rendered":"<p><\/p>\n\n<!-- wp:themify-builder\/canvas \/-->","protected":false},"excerpt":{"rendered":"","protected":false},"author":4,"featured_media":0,"parent":0,"menu_order":0,"comment_status":"closed","ping_status":"closed","template":"","meta":{"inline_featured_image":false,"footnotes":""},"class_list":["post-222","page","type-page","status-publish","hentry","has-post-title","has-post-date","has-post-category","has-post-tag","has-post-comment","has-post-author",""],"builder_content":"<h2><strong>Cookie &amp; Privacy policy<\/strong><\/h2> <p>La preghiamo di leggere attentamente la seguente informativa, predisposta ai sensi dell\u2019art. 13 del Regolamento generale sulla protezione dei dati N. 2016\/679 (nel seguito, anche \u201cRGPD\u201d), in cui Le indichiamo tutti i dettagli relativi al trattamento dei Suoi dati raccolti mediante il sito www.studiointegrato.eu (nel seguito, anche il \u201csito\u201d).<\/p> <ol> <li>CHI TRATTA I SUOI DATI?<\/li> <\/ol> <p>Titolare del Trattamento<\/p> <p>Studio Professionale Integrato. Via Giovanni Bagaini, 9 21100 Varese (VA) P.IVA e CF 03371690128<\/p> <p>Responsabile della protezione dei dati<\/p> <p>\u00a0Il titolare ha provveduto a nominare un responsabile della protezione dei dati, raggiungibile al seguente indirizzo mail\u00a0info@studiointegrato.eu<\/p> <p>Altri soggetti a cui possono essere comunicati i Suoi dati<\/p> <p>I Suoi dati potranno essere condivisi con:<\/p> <ol> <li>personale incaricato di Studio Professionale Integrato ed eventualmente suoi collaboratori che si sono impegnati alla riservatezza o abbiano un adeguato obbligo legale di riservatezza;<\/li> <li>soggetti delegati e\/o incaricati dal Titolare di svolgere attivit\u00e0 strettamente correlate al perseguimento delle finalit\u00e0 sopra indicate (inclusi interventi di manutenzione tecnica sui sistemi), giustamente nominati responsabili del trattamento;<\/li> <li>persone, societ\u00e0 o studi professionali che prestano attivit\u00e0 di assistenza e consulenza al Titolare, giustamente nominati responsabili del trattamento;<\/li> <li>soggetti, enti od autorit\u00e0 a cui la comunicazione dei suoi dati personali sia obbligatoria in forza di disposizioni di legge o di ordini delle autorit\u00e0 competenti;<\/li> <\/ol> <p>I Suoi dati personali non saranno oggetto di trasferimento al di fuori dello Spazio Economico Europeo.<\/p> <ol> <li>QUALI TIPI DI DATI RACCOGLIAMO?<\/li> <\/ol> <p>Dati forniti volontariamente dall\u2019utente<\/p> <p>Il Sito offre agli utenti la possibilit\u00e0 di fornire volontariamente informazioni personali attraverso, per esempio, l\u2019invio di mail per richiedere informazioni e\/o instaurare rapporti con la nostra Organizzazione o per finalit\u00e0 di reclutamento diretto all\u2019instaurazione di un rapporto di lavoro o di collaborazione con la nostra Organizzazione (si veda l\u2019Informativa per i candidati relativa alla compilazione dell\u2019area \u201cJob Opportunities\u201d).<\/p> <p>Dati di terzi<\/p> <p>Qualora decidesse di fornirci dati di terzi ti preghiamo di assicurarti che questi soggetti siano stati preventivamente e adeguatamente informati sulle modalit\u00e0 e le finalit\u00e0 di trattamento qui indicate.In relazione a tale ipotesi, si pone come autonomo titolare del trattamento, assumendosi tutti gli obblighi e le responsabilit\u00e0 di legge.<\/p> <p>Dati di navigazione<\/p> <p>Raccogliamo i seguenti dati mediante i servizi che utilizzi:<\/p> <ul> <li>dati tecnici: In questa categoria di dati rientrano gli indirizzi IP o i nomi a dominio dei computer utilizzati dagli utenti che si connettono al sito, gli indirizzi in notazione URI (Uniform Resource Identifier) delle risorse richieste, l\u2019orario della richiesta, il metodo utilizzato nel sottoporre la richiesta al server, la dimensione del file ottenuto in risposta, il codice numerico indicante lo stato della risposta data dal server (buon fine, errore, ecc.) ed altri parametri relativi al sistema Operativo ed all\u2019ambiente informatico dell\u2019utente. Questi dati vengono utilizzati solo per informazioni di tipo statistico (quindi sono anonimi), per controllare il corretto funzionamento del sito e vengono cancellati subito dopo l\u2019elaborazione. I dati potrebbero essere utilizzati per l\u2019accertamento di responsabilit\u00e0 in caso di ipotetici reati informatici ai danni del sito: salva questa eventualit\u00e0, i dati sui contatti web non persistono per pi\u00f9 di 7 giorni.<\/li> <li>dati raccolti utilizzando i cookie o tecnologie similari: per ulteriori informazioni, ti invitiamo a visitare la sezione \u201cCookie\u201d<\/li> <\/ul> <ol> <li>PER QUALI FINALIT\u00c0 TRATTIAMO I SUOI DATI?<\/li> <\/ol> <p>Per finalit\u00e0 inerenti l\u2019erogazione dei servizi richiesti:<\/p> <p>Utilizziamo i Suoi dati per garantirle\u00a0un\u2019efficiente risposta alle richieste da Lei formulate. Il conferimento dei Suoi dati per tale finalit\u00e0 \u00e8 facoltativo, ma il loro eventuale mancato conferimento potrebbe rendere impossibile la prestazione dei servizi richiesti. Trattiamo inoltre i Suoi dati per garantire il rispetto degli obblighi di legge, regolamenti e norme comunitarie.<\/p> <p>Per finalit\u00e0 di reclutamento<\/p> <p>Qualora Lei ci abbia fornito espressamente il Suo consenso \u2013 per finalit\u00e0 di reclutamento diretto all\u2019instaurazione di un rapporto di lavoro o di collaborazione con il nostro Studio (si vedal\u2019Informativa per i candidati relativa alla compilazione dell\u2019area \u201cJob Opportunities\u201d, disponibile al seguente link: informativa per i candidati)<\/p> <ol> <li>PER QUANTO TEMPO CONSERVIAMO I SUOI DATI?<\/li> <\/ol> <p>La conservazione dei dati personali avverr\u00e0 in forma cartacea e\/o elettronica e per il tempo strettamente necessario al perseguimento della finalit\u00e0 di cui al punto 3.<\/p> <p>Con riferimento al trattamento dei dati relativo all\u2019erogazione dei servizi richiesti, La informiamo che tratteremo i Suoi dati per il tempo strettamente necessario ad evadere la Sua richiesta.<\/p> <p>In particolare La informiamo che i tempi di conservazione dei dati e dei documenti inviati con riferimento al trattamento per finalit\u00e0 di reclutamento, sono illustrati nella informativa per i candidati.<\/p> <p>Da ultimo, Le ricordiamo che, al fine di adempiere alle prescrizioni in materia di antiterrorismo introdotte dell\u2019art. 24 della legge 167\/2017, che ha recepito la Direttiva UE 2017\/541, conserveremo i dati relativi al traffico telematico, esclusi comunque i contenuti delle comunicazioni, per un periodo non superiore ai 72 mesi dalla data di comunicazione.<\/p> <ol> <li>COME PU\u00d2 ESERCITARE I SUOI DIRITTI?<\/li> <\/ol> <p>Coerentemente con quanto previsto dal RGPD, hai il diritto di chiedere al Titolare, in qualunque momento, l\u2019accesso ai Suoi dati personali, la rettifica o la cancellazione degli stessi o di opporsi al loro trattamento. La legge le consente altres\u00ec di esercitare il diritto di richiedere la limitazione del trattamento nei casi previsti dall\u2019art. 18 del RGDP, nonch\u00e9 di ottenere in un formato strutturato, di uso comune e leggibile da dispositivo automatico i dati che la riguardano, nei casi previsti dall\u2019art. 20 del RGDP.<\/p> <p>Le richieste possono essere rivolte all\u2019indirizzo di posta elettronica\u00a0info@studiointegrato.eu<\/p> <p>Da ultimo, Le ricordiamo che ha sempre diritto di proporre reclamo all\u2019autorit\u00e0 di controllo competente (Garante per la Protezione dei Dati Personali), ai sensi dell\u2019art. 77 del RGDP, qualora ritiene che il trattamento dei Suoi dati sia contrario alla normativa in vigore.<\/p> <ol> <li>COME GARANTIAMO LA PROTEZIONE DEI SUOI DATI?<\/li> <\/ol> <p>I Suoi dati personali sono trattati dai soggetti di cui al punto 1, in conformit\u00e0 con quanto previsto dalla normativa vigente. In particolare, per garantire la sicurezza dei Suoi dati tenendo conto dello stato dell\u2019arte e dei costi di attuazione, nonch\u00e9 della natura, dell\u2019oggetto, del contesto e delle finalit\u00e0 del trattamento, come anche del rischio di varia probabilit\u00e0 e gravit\u00e0 per i diritti e le libert\u00e0 dei nostri utenti, abbiamo adottato misure tecniche e organizzative adeguate per garantire un livello di sicurezza adeguato al rischio.<\/p> <p>\u00a0<\/p> <ol> <li>QUANDO \u00c8 STATA AGGIORNATA QUESTA INFORMATIVA?<\/li> <\/ol> <p>La presente informativa \u00e8 stata pubblicata nel Maggio 2019 e potr\u00e0 subire modifiche nel tempo anche connesse all\u2019eventuale entrata in vigore di nuove normative di settore, all\u2019aggiornamento o erogazione di nuovi servizi ovvero ad intervenute innovazioni tecnologiche. In tal caso i contitolari La avviseranno dandole evidenza di tali aggiornamenti.<\/p> <h3><strong><a href=\"https:\/\/studiointegrato.eu\/?page_id=227\">COOKIE POLICY<\/a><\/strong><\/h3> <p>\u00a0<\/p>","_links":{"self":[{"href":"https:\/\/studiointegrato.eu\/index.php?rest_route=\/wp\/v2\/pages\/222","targetHints":{"allow":["GET"]}}],"collection":[{"href":"https:\/\/studiointegrato.eu\/index.php?rest_route=\/wp\/v2\/pages"}],"about":[{"href":"https:\/\/studiointegrato.eu\/index.php?rest_route=\/wp\/v2\/types\/page"}],"author":[{"embeddable":true,"href":"https:\/\/studiointegrato.eu\/index.php?rest_route=\/wp\/v2\/users\/4"}],"replies":[{"embeddable":true,"href":"https:\/\/studiointegrato.eu\/index.php?rest_route=%2Fwp%2Fv2%2Fcomments&post=222"}],"version-history":[{"count":6,"href":"https:\/\/studiointegrato.eu\/index.php?rest_route=\/wp\/v2\/pages\/222\/revisions"}],"predecessor-version":[{"id":781,"href":"https:\/\/studiointegrato.eu\/index.php?rest_route=\/wp\/v2\/pages\/222\/revisions\/781"}],"wp:attachment":[{"href":"https:\/\/studiointegrato.eu\/index.php?rest_route=%2Fwp%2Fv2%2Fmedia&parent=222"}],"curies":[{"name":"wp","href":"https:\/\/api.w.org\/{rel}","templated":true}]}}